{"id":4461,"date":"2025-11-25T16:47:39","date_gmt":"2025-11-25T16:47:39","guid":{"rendered":"https:\/\/snc-designs.com\/?page_id=4461"},"modified":"2025-11-25T16:49:44","modified_gmt":"2025-11-25T16:49:44","slug":"contact","status":"publish","type":"page","link":"https:\/\/snc-designs.com\/es\/contact\/","title":{"rendered":"Contact"},"content":{"rendered":"<div data-elementor-type=\"wp-page\" data-elementor-id=\"4461\" class=\"elementor elementor-4461\" data-elementor-post-type=\"page\">\n\t\t\t\t<div class=\"elementor-element elementor-element-4a99cde seccion-clara e-flex e-con-boxed e-con e-parent\" data-id=\"4a99cde\" data-element_type=\"container\" data-e-type=\"container\" data-settings=\"{&quot;background_background&quot;:&quot;classic&quot;}\">\n\t\t\t\t\t<div class=\"e-con-inner\">\n\t\t<div class=\"elementor-element elementor-element-d69c782 e-con-full e-flex elementor-invisible e-con e-child\" data-id=\"d69c782\" data-element_type=\"container\" data-e-type=\"container\" data-settings=\"{&quot;background_background&quot;:&quot;classic&quot;,&quot;animation&quot;:&quot;fadeInUp&quot;}\">\n\t\t\t\t<div class=\"elementor-element elementor-element-200d144 elementor-widget__width-initial elementor-widget elementor-widget-image\" data-id=\"200d144\" data-element_type=\"widget\" data-e-type=\"widget\" data-widget_type=\"image.default\">\n\t\t\t\t<div class=\"elementor-widget-container\">\n\t\t\t\t\t\t\t\t\t\t\t\t\t\t\t<img decoding=\"async\" width=\"81\" height=\"81\" src=\"https:\/\/snc-designs.com\/wp-content\/uploads\/2025\/07\/Ellipse-1.png\" class=\"attachment-full size-full wp-image-2848\" alt=\"\" \/>\t\t\t\t\t\t\t\t\t\t\t\t\t\t\t<\/div>\n\t\t\t\t<\/div>\n\t\t\t\t<div class=\"elementor-element elementor-element-8592880 elementor-widget elementor-widget-text-editor\" data-id=\"8592880\" data-element_type=\"widget\" data-e-type=\"widget\" data-widget_type=\"text-editor.default\">\n\t\t\t\t<div class=\"elementor-widget-container\">\n\t\t\t\t\t\t\t\t\t<p>CONT\u00c1CTANOS<\/p>\t\t\t\t\t\t\t\t<\/div>\n\t\t\t\t<\/div>\n\t\t\t\t<\/div>\n\t\t\t\t<div class=\"elementor-element elementor-element-22b646a elementor-widget elementor-widget-pro-heading\" data-id=\"22b646a\" data-element_type=\"widget\" data-e-type=\"widget\" data-widget_type=\"pro-heading.default\">\n\t\t\t\t<div class=\"elementor-widget-container\">\n\t\t\t\t\t<h1 class=\"pro-header-title blur-reveal\" data-delay=\"200\" data-velocidad-blur=\"1200\">EMPECEMOS TU PROYECTO<\/h1>\t\t\t\t<\/div>\n\t\t\t\t<\/div>\n\t\t\t\t<div class=\"elementor-element elementor-element-9d5e676 elementor-widget__width-initial elementor-invisible elementor-widget elementor-widget-text-editor\" data-id=\"9d5e676\" data-element_type=\"widget\" data-e-type=\"widget\" data-settings=\"{&quot;_animation&quot;:&quot;fadeInUp&quot;}\" data-widget_type=\"text-editor.default\">\n\t\t\t\t<div class=\"elementor-widget-container\">\n\t\t\t\t\t\t\t\t\t<p>Cu\u00e9ntanos qu\u00e9 tienes en mente y te mostraremos c\u00f3mo hacerlo realidad. D\u00e9janos tus datos y te contactaremos en menos de 24 horas si creemos que somos la opci\u00f3n adecuada para ayudarte.<\/p>\t\t\t\t\t\t\t\t<\/div>\n\t\t\t\t<\/div>\n\t\t\t\t<div class=\"elementor-element elementor-element-29e3a3b elementor-button-align-end elementor-widget__width-initial elementor-invisible elementor-widget elementor-widget-form\" data-id=\"29e3a3b\" data-element_type=\"widget\" data-e-type=\"widget\" data-settings=\"{&quot;step_next_label&quot;:&quot;Next&quot;,&quot;step_previous_label&quot;:&quot;Previous&quot;,&quot;_animation&quot;:&quot;fadeInUp&quot;,&quot;button_width&quot;:&quot;100&quot;,&quot;step_type&quot;:&quot;number_text&quot;,&quot;step_icon_shape&quot;:&quot;circle&quot;}\" data-widget_type=\"form.default\">\n\t\t\t\t<div class=\"elementor-widget-container\">\n\t\t\t\t\t\t\t<form class=\"elementor-form\" method=\"post\" name=\"New Form\" aria-label=\"New Form\" action=\"\">\n\t\t\t<input type=\"hidden\" name=\"post_id\" value=\"4461\"\/>\n\t\t\t<input type=\"hidden\" name=\"form_id\" value=\"29e3a3b\"\/>\n\t\t\t<input type=\"hidden\" name=\"referer_title\" value=\"SNC Designs | Contact\" \/>\n\n\t\t\t\t\t\t\t<input type=\"hidden\" name=\"queried_id\" value=\"4461\"\/>\n\t\t\t\n\t\t\t<div class=\"elementor-form-fields-wrapper elementor-labels-\">\n\t\t\t\t\t\t\t\t<div class=\"elementor-field-type-text elementor-field-group elementor-column elementor-field-group-name elementor-col-50 elementor-field-required\">\n\t\t\t\t\t\t\t\t\t\t\t\t<label for=\"form-field-name\" class=\"elementor-field-label elementor-screen-only\">\n\t\t\t\t\t\t\t\tNOMBRE\t\t\t\t\t\t\t<\/label>\n\t\t\t\t\t\t\t\t\t\t\t\t\t\t<input size=\"1\" type=\"text\" name=\"form_fields[name]\" id=\"form-field-name\" class=\"elementor-field elementor-size-sm  elementor-field-textual\" placeholder=\"NOMBRE\" required=\"required\">\n\t\t\t\t\t\t\t\t\t\t\t<\/div>\n\t\t\t\t\t\t\t\t<div class=\"elementor-field-type-text elementor-field-group elementor-column elementor-field-group-field_072eef0 elementor-col-50 elementor-field-required\">\n\t\t\t\t\t\t\t\t\t\t\t\t<label for=\"form-field-field_072eef0\" class=\"elementor-field-label elementor-screen-only\">\n\t\t\t\t\t\t\t\tAPELLIDO\t\t\t\t\t\t\t<\/label>\n\t\t\t\t\t\t\t\t\t\t\t\t\t\t<input size=\"1\" type=\"text\" name=\"form_fields[field_072eef0]\" id=\"form-field-field_072eef0\" class=\"elementor-field elementor-size-sm  elementor-field-textual\" placeholder=\"APELLIDO\" required=\"required\">\n\t\t\t\t\t\t\t\t\t\t\t<\/div>\n\t\t\t\t\t\t\t\t<div class=\"elementor-field-type-email elementor-field-group elementor-column elementor-field-group-email elementor-col-50 elementor-field-required\">\n\t\t\t\t\t\t\t\t\t\t\t\t<label for=\"form-field-email\" class=\"elementor-field-label elementor-screen-only\">\n\t\t\t\t\t\t\t\tEmail\t\t\t\t\t\t\t<\/label>\n\t\t\t\t\t\t\t\t\t\t\t\t\t\t<input size=\"1\" type=\"email\" name=\"form_fields[email]\" id=\"form-field-email\" class=\"elementor-field elementor-size-sm  elementor-field-textual\" placeholder=\"Email\" required=\"required\">\n\t\t\t\t\t\t\t\t\t\t\t<\/div>\n\t\t\t\t\t\t\t\t<div class=\"elementor-field-type-select elementor-field-group elementor-column elementor-field-group-field_0f03f64 elementor-col-50 elementor-field-required\">\n\t\t\t\t\t\t\t\t\t\t\t\t<label for=\"form-field-field_0f03f64\" class=\"elementor-field-label elementor-screen-only\">\n\t\t\t\t\t\t\t\tI\u2019d like to\u2026\t\t\t\t\t\t\t<\/label>\n\t\t\t\t\t\t\t\t<div class=\"elementor-field elementor-select-wrapper remove-before\">\n\t\t\t<div class=\"select-caret-down-wrapper\">\n\t\t\t\t<svg aria-hidden=\"true\" class=\"e-font-icon-svg e-eicon-caret-down\" viewbox=\"0 0 571.4 571.4\" xmlns=\"http:\/\/www.w3.org\/2000\/svg\"><path d=\"M571 393Q571 407 561 418L311 668Q300 679 286 679T261 668L11 418Q0 407 0 393T11 368 36 357H536Q550 357 561 368T571 393Z\"><\/path><\/svg>\t\t\t<\/div>\n\t\t\t<select name=\"form_fields[field_0f03f64]\" id=\"form-field-field_0f03f64\" class=\"elementor-field-textual elementor-size-sm\" required=\"required\">\n\t\t\t\t\t\t\t\t\t<option value=\"I need help with\u2026\">I need help with\u2026<\/option>\n\t\t\t\t\t\t\t\t\t<option value=\"Start a project from scratch\">Start a project from scratch<\/option>\n\t\t\t\t\t\t\t\t\t<option value=\"Redesign\">Redesign<\/option>\n\t\t\t\t\t\t\t\t\t<option value=\"A small adjustment\">A small adjustment<\/option>\n\t\t\t\t\t\t\t<\/select>\n\t\t<\/div>\n\t\t\t\t\t\t<\/div>\n\t\t\t\t\t\t\t\t<div class=\"elementor-field-type-select elementor-field-group elementor-column elementor-field-group-field_54b74eb elementor-col-50 elementor-field-required\">\n\t\t\t\t\t\t\t\t\t\t\t\t<label for=\"form-field-field_54b74eb\" class=\"elementor-field-label elementor-screen-only\">\n\t\t\t\t\t\t\t\tIt would be for\t\t\t\t\t\t\t<\/label>\n\t\t\t\t\t\t\t\t<div class=\"elementor-field elementor-select-wrapper remove-before\">\n\t\t\t<div class=\"select-caret-down-wrapper\">\n\t\t\t\t<svg aria-hidden=\"true\" class=\"e-font-icon-svg e-eicon-caret-down\" viewbox=\"0 0 571.4 571.4\" xmlns=\"http:\/\/www.w3.org\/2000\/svg\"><path d=\"M571 393Q571 407 561 418L311 668Q300 679 286 679T261 668L11 418Q0 407 0 393T11 368 36 357H536Q550 357 561 368T571 393Z\"><\/path><\/svg>\t\t\t<\/div>\n\t\t\t<select name=\"form_fields[field_54b74eb]\" id=\"form-field-field_54b74eb\" class=\"elementor-field-textual elementor-size-sm\" required=\"required\">\n\t\t\t\t\t\t\t\t\t<option value=\"It would be for\u2026\">It would be for\u2026<\/option>\n\t\t\t\t\t\t\t\t\t<option value=\"E-commerce\">E-commerce<\/option>\n\t\t\t\t\t\t\t\t\t<option value=\"Informational website\">Informational website<\/option>\n\t\t\t\t\t\t\t\t\t<option value=\"Custom development\">Custom development<\/option>\n\t\t\t\t\t\t\t\t\t<option value=\"Landing page\">Landing page<\/option>\n\t\t\t\t\t\t\t\t\t<option value=\"Sales funnel\">Sales funnel<\/option>\n\t\t\t\t\t\t\t\t\t<option value=\"Other\">Other<\/option>\n\t\t\t\t\t\t\t\t\t<option value=\"\"><\/option>\n\t\t\t\t\t\t\t\t\t<option value=\"\"><\/option>\n\t\t\t\t\t\t\t<\/select>\n\t\t<\/div>\n\t\t\t\t\t\t<\/div>\n\t\t\t\t\t\t\t\t<div class=\"elementor-field-type-select elementor-field-group elementor-column elementor-field-group-field_dc257a1 elementor-col-50 elementor-field-required\">\n\t\t\t\t\t\t\t\t\t\t\t\t<label for=\"form-field-field_dc257a1\" class=\"elementor-field-label elementor-screen-only\">\n\t\t\t\t\t\t\t\tBudget\t\t\t\t\t\t\t<\/label>\n\t\t\t\t\t\t\t\t<div class=\"elementor-field elementor-select-wrapper remove-before\">\n\t\t\t<div class=\"select-caret-down-wrapper\">\n\t\t\t\t<svg aria-hidden=\"true\" class=\"e-font-icon-svg e-eicon-caret-down\" viewbox=\"0 0 571.4 571.4\" xmlns=\"http:\/\/www.w3.org\/2000\/svg\"><path d=\"M571 393Q571 407 561 418L311 668Q300 679 286 679T261 668L11 418Q0 407 0 393T11 368 36 357H536Q550 357 561 368T571 393Z\"><\/path><\/svg>\t\t\t<\/div>\n\t\t\t<select name=\"form_fields[field_dc257a1]\" id=\"form-field-field_dc257a1\" class=\"elementor-field-textual elementor-size-sm\" required=\"required\">\n\t\t\t\t\t\t\t\t\t<option value=\"My budget is\u2026\">My budget is\u2026<\/option>\n\t\t\t\t\t\t\t\t\t<option value=\"Less than $500 USD\">Less than $500 USD<\/option>\n\t\t\t\t\t\t\t\t\t<option value=\"$500 USD to $2,000 USD\">$500 USD to $2,000 USD<\/option>\n\t\t\t\t\t\t\t\t\t<option value=\"$2,000 USD to $5,000 USD\">$2,000 USD to $5,000 USD<\/option>\n\t\t\t\t\t\t\t\t\t<option value=\"$5,000 USD to $10,000 USD\">$5,000 USD to $10,000 USD<\/option>\n\t\t\t\t\t\t\t\t\t<option value=\"More than $10,000 USD\">More than $10,000 USD<\/option>\n\t\t\t\t\t\t\t\t\t<option value=\"\"><\/option>\n\t\t\t\t\t\t\t<\/select>\n\t\t<\/div>\n\t\t\t\t\t\t<\/div>\n\t\t\t\t\t\t\t\t<div class=\"elementor-field-type-textarea elementor-field-group elementor-column elementor-field-group-message elementor-col-100\">\n\t\t\t\t\t<textarea class=\"elementor-field-textual elementor-field  elementor-size-sm\" name=\"form_fields[message]\" id=\"form-field-message\" rows=\"4\" placeholder=\"CUENTANOS M\u00c1S SOBRE TU PROYECTO\"><\/textarea>\t\t\t\t<\/div>\n\t\t\t\t\t\t\t\t<div class=\"elementor-field-group elementor-column elementor-field-type-submit elementor-col-100 e-form__buttons\">\n\t\t\t\t\t<button class=\"elementor-button elementor-size-sm\" type=\"submit\">\n\t\t\t\t\t\t<span class=\"elementor-button-content-wrapper\">\n\t\t\t\t\t\t\t\t\t\t\t\t\t\t\t<span class=\"elementor-button-icon\">\n\t\t\t\t\t\t\t\t\t<svg aria-hidden=\"true\" class=\"e-font-icon-svg e-fas-angle-right\" viewbox=\"0 0 256 512\" xmlns=\"http:\/\/www.w3.org\/2000\/svg\"><path d=\"M224.3 273l-136 136c-9.4 9.4-24.6 9.4-33.9 0l-22.6-22.6c-9.4-9.4-9.4-24.6 0-33.9l96.4-96.4-96.4-96.4c-9.4-9.4-9.4-24.6 0-33.9L54.3 103c9.4-9.4 24.6-9.4 33.9 0l136 136c9.5 9.4 9.5 24.6.1 34z\"><\/path><\/svg>\t\t\t\t\t\t\t\t\t\t\t\t\t\t\t\t\t<\/span>\n\t\t\t\t\t\t\t\t\t\t\t\t\t\t\t\t\t\t\t\t\t\t<span class=\"elementor-button-text\">ENV\u00cdAR<\/span>\n\t\t\t\t\t\t\t\t\t\t\t\t\t<\/span>\n\t\t\t\t\t<\/button>\n\t\t\t\t<\/div>\n\t\t\t<\/div>\n\t\t<input type=\"hidden\" name=\"trp-form-language\" value=\"es\"\/><\/form>\n\t\t\t\t\t\t<\/div>\n\t\t\t\t<\/div>\n\t\t\t\t\t<\/div>\n\t\t\t\t<\/div>\n\t\t\t\t<\/div>","protected":false},"excerpt":{"rendered":"<p>CONTACT US let\u2019s start your project Tell us what you have in mind, and we\u2019ll show you how to bring it to life. Leave your details, and we\u2019ll contact you within 24 hours if we believe we\u2019re the right fit to help you.<\/p>","protected":false},"author":1,"featured_media":0,"parent":0,"menu_order":0,"comment_status":"closed","ping_status":"closed","template":"","meta":{"footnotes":""},"class_list":["post-4461","page","type-page","status-publish","hentry"],"yoast_head":"<!-- This site is optimized with the Yoast SEO plugin v26.4 - https:\/\/yoast.com\/wordpress\/plugins\/seo\/ -->\n<title>SNC Designs | Contact<\/title>\n<meta name=\"robots\" content=\"index, follow, max-snippet:-1, max-image-preview:large, max-video-preview:-1\" \/>\n<link rel=\"canonical\" href=\"https:\/\/snc-designs.com\/es\/contact\/\" \/>\n<meta property=\"og:locale\" content=\"es_ES\" \/>\n<meta property=\"og:type\" content=\"article\" \/>\n<meta property=\"og:title\" content=\"SNC Designs | Contact\" \/>\n<meta property=\"og:description\" content=\"CONTACT US let\u2019s start your project Tell us what you have in mind, and we\u2019ll show you how to bring it to life. Leave your details, and we\u2019ll contact you within 24 hours if we believe we\u2019re the right fit to help you.\" \/>\n<meta property=\"og:url\" content=\"https:\/\/snc-designs.com\/es\/contact\/\" \/>\n<meta property=\"og:site_name\" content=\"SNC Designs\" \/>\n<meta property=\"article:modified_time\" content=\"2025-11-25T16:49:44+00:00\" \/>\n<meta property=\"og:image\" content=\"https:\/\/snc-designs.com\/wp-content\/uploads\/2025\/07\/Ellipse-1.png\" \/>\n\t<meta property=\"og:image:width\" content=\"81\" \/>\n\t<meta property=\"og:image:height\" content=\"81\" \/>\n\t<meta property=\"og:image:type\" content=\"image\/png\" \/>\n<meta name=\"twitter:card\" content=\"summary_large_image\" \/>\n<meta name=\"twitter:label1\" content=\"Tiempo de lectura\" \/>\n\t<meta name=\"twitter:data1\" content=\"1 minuto\" \/>\n<script type=\"application\/ld+json\" class=\"yoast-schema-graph\">{\"@context\":\"https:\/\/schema.org\",\"@graph\":[{\"@type\":\"WebPage\",\"@id\":\"https:\/\/snc-designs.com\/contact\/\",\"url\":\"https:\/\/snc-designs.com\/contact\/\",\"name\":\"SNC Designs | Contact\",\"isPartOf\":{\"@id\":\"https:\/\/snc-designs.com\/#website\"},\"primaryImageOfPage\":{\"@id\":\"https:\/\/snc-designs.com\/contact\/#primaryimage\"},\"image\":{\"@id\":\"https:\/\/snc-designs.com\/contact\/#primaryimage\"},\"thumbnailUrl\":\"https:\/\/snc-designs.com\/wp-content\/uploads\/2025\/07\/Ellipse-1.png\",\"datePublished\":\"2025-11-25T16:47:39+00:00\",\"dateModified\":\"2025-11-25T16:49:44+00:00\",\"breadcrumb\":{\"@id\":\"https:\/\/snc-designs.com\/contact\/#breadcrumb\"},\"inLanguage\":\"es\",\"potentialAction\":[{\"@type\":\"ReadAction\",\"target\":[\"https:\/\/snc-designs.com\/contact\/\"]}]},{\"@type\":\"ImageObject\",\"inLanguage\":\"es\",\"@id\":\"https:\/\/snc-designs.com\/contact\/#primaryimage\",\"url\":\"https:\/\/snc-designs.com\/wp-content\/uploads\/2025\/07\/Ellipse-1.png\",\"contentUrl\":\"https:\/\/snc-designs.com\/wp-content\/uploads\/2025\/07\/Ellipse-1.png\"},{\"@type\":\"BreadcrumbList\",\"@id\":\"https:\/\/snc-designs.com\/contact\/#breadcrumb\",\"itemListElement\":[{\"@type\":\"ListItem\",\"position\":1,\"name\":\"Inicio\",\"item\":\"https:\/\/snc-designs.com\/\"},{\"@type\":\"ListItem\",\"position\":2,\"name\":\"Contact\"}]},{\"@type\":\"WebSite\",\"@id\":\"https:\/\/snc-designs.com\/#website\",\"url\":\"https:\/\/snc-designs.com\/\",\"name\":\"SNC Designs\",\"description\":\"Dise\u00f1o web profesional y a medida para potenciar tu marca.\",\"publisher\":{\"@id\":\"https:\/\/snc-designs.com\/#organization\"},\"potentialAction\":[{\"@type\":\"SearchAction\",\"target\":{\"@type\":\"EntryPoint\",\"urlTemplate\":\"https:\/\/snc-designs.com\/?s={search_term_string}\"},\"query-input\":{\"@type\":\"PropertyValueSpecification\",\"valueRequired\":true,\"valueName\":\"search_term_string\"}}],\"inLanguage\":\"es\"},{\"@type\":\"Organization\",\"@id\":\"https:\/\/snc-designs.com\/#organization\",\"name\":\"Camilo G\u00f3mez\",\"url\":\"https:\/\/snc-designs.com\/\",\"logo\":{\"@type\":\"ImageObject\",\"inLanguage\":\"es\",\"@id\":\"https:\/\/snc-designs.com\/#\/schema\/logo\/image\/\",\"url\":\"https:\/\/snc-designs.com\/wp-content\/uploads\/2025\/01\/cropped-Frame-50-1.png\",\"contentUrl\":\"https:\/\/snc-designs.com\/wp-content\/uploads\/2025\/01\/cropped-Frame-50-1.png\",\"width\":512,\"height\":512,\"caption\":\"Camilo G\u00f3mez\"},\"image\":{\"@id\":\"https:\/\/snc-designs.com\/#\/schema\/logo\/image\/\"}}]}<\/script>\n<!-- \/ Yoast SEO plugin. -->","yoast_head_json":{"title":"SNC Designs | Contact","robots":{"index":"index","follow":"follow","max-snippet":"max-snippet:-1","max-image-preview":"max-image-preview:large","max-video-preview":"max-video-preview:-1"},"canonical":"https:\/\/snc-designs.com\/es\/contact\/","og_locale":"es_ES","og_type":"article","og_title":"SNC Designs | Contact","og_description":"CONTACT US let\u2019s start your project Tell us what you have in mind, and we\u2019ll show you how to bring it to life. Leave your details, and we\u2019ll contact you within 24 hours if we believe we\u2019re the right fit to help you.","og_url":"https:\/\/snc-designs.com\/es\/contact\/","og_site_name":"SNC Designs","article_modified_time":"2025-11-25T16:49:44+00:00","og_image":[{"width":81,"height":81,"url":"https:\/\/snc-designs.com\/wp-content\/uploads\/2025\/07\/Ellipse-1.png","type":"image\/png"}],"twitter_card":"summary_large_image","twitter_misc":{"Tiempo de lectura":"1 minuto"},"schema":{"@context":"https:\/\/schema.org","@graph":[{"@type":"WebPage","@id":"https:\/\/snc-designs.com\/contact\/","url":"https:\/\/snc-designs.com\/contact\/","name":"SNC Designs | Contact","isPartOf":{"@id":"https:\/\/snc-designs.com\/#website"},"primaryImageOfPage":{"@id":"https:\/\/snc-designs.com\/contact\/#primaryimage"},"image":{"@id":"https:\/\/snc-designs.com\/contact\/#primaryimage"},"thumbnailUrl":"https:\/\/snc-designs.com\/wp-content\/uploads\/2025\/07\/Ellipse-1.png","datePublished":"2025-11-25T16:47:39+00:00","dateModified":"2025-11-25T16:49:44+00:00","breadcrumb":{"@id":"https:\/\/snc-designs.com\/contact\/#breadcrumb"},"inLanguage":"es","potentialAction":[{"@type":"ReadAction","target":["https:\/\/snc-designs.com\/contact\/"]}]},{"@type":"ImageObject","inLanguage":"es","@id":"https:\/\/snc-designs.com\/contact\/#primaryimage","url":"https:\/\/snc-designs.com\/wp-content\/uploads\/2025\/07\/Ellipse-1.png","contentUrl":"https:\/\/snc-designs.com\/wp-content\/uploads\/2025\/07\/Ellipse-1.png"},{"@type":"BreadcrumbList","@id":"https:\/\/snc-designs.com\/contact\/#breadcrumb","itemListElement":[{"@type":"ListItem","position":1,"name":"Inicio","item":"https:\/\/snc-designs.com\/"},{"@type":"ListItem","position":2,"name":"Contact"}]},{"@type":"WebSite","@id":"https:\/\/snc-designs.com\/#website","url":"https:\/\/snc-designs.com\/","name":"SNC Designs","description":"Dise\u00f1o web profesional y a medida para potenciar tu marca.","publisher":{"@id":"https:\/\/snc-designs.com\/#organization"},"potentialAction":[{"@type":"SearchAction","target":{"@type":"EntryPoint","urlTemplate":"https:\/\/snc-designs.com\/?s={search_term_string}"},"query-input":{"@type":"PropertyValueSpecification","valueRequired":true,"valueName":"search_term_string"}}],"inLanguage":"es"},{"@type":"Organization","@id":"https:\/\/snc-designs.com\/#organization","name":"Camilo G\u00f3mez","url":"https:\/\/snc-designs.com\/","logo":{"@type":"ImageObject","inLanguage":"es","@id":"https:\/\/snc-designs.com\/#\/schema\/logo\/image\/","url":"https:\/\/snc-designs.com\/wp-content\/uploads\/2025\/01\/cropped-Frame-50-1.png","contentUrl":"https:\/\/snc-designs.com\/wp-content\/uploads\/2025\/01\/cropped-Frame-50-1.png","width":512,"height":512,"caption":"Camilo G\u00f3mez"},"image":{"@id":"https:\/\/snc-designs.com\/#\/schema\/logo\/image\/"}}]}},"_links":{"self":[{"href":"https:\/\/snc-designs.com\/es\/wp-json\/wp\/v2\/pages\/4461","targetHints":{"allow":["GET"]}}],"collection":[{"href":"https:\/\/snc-designs.com\/es\/wp-json\/wp\/v2\/pages"}],"about":[{"href":"https:\/\/snc-designs.com\/es\/wp-json\/wp\/v2\/types\/page"}],"author":[{"embeddable":true,"href":"https:\/\/snc-designs.com\/es\/wp-json\/wp\/v2\/users\/1"}],"replies":[{"embeddable":true,"href":"https:\/\/snc-designs.com\/es\/wp-json\/wp\/v2\/comments?post=4461"}],"version-history":[{"count":13,"href":"https:\/\/snc-designs.com\/es\/wp-json\/wp\/v2\/pages\/4461\/revisions"}],"predecessor-version":[{"id":4475,"href":"https:\/\/snc-designs.com\/es\/wp-json\/wp\/v2\/pages\/4461\/revisions\/4475"}],"wp:attachment":[{"href":"https:\/\/snc-designs.com\/es\/wp-json\/wp\/v2\/media?parent=4461"}],"curies":[{"name":"wp","href":"https:\/\/api.w.org\/{rel}","templated":true}]}}